{"id":423,"date":"2023-03-06T17:58:36","date_gmt":"2023-03-06T17:58:36","guid":{"rendered":"https:\/\/ideaware.es\/realestate\/?page_id=423"},"modified":"2023-05-15T09:40:42","modified_gmt":"2023-05-15T09:40:42","slug":"vender","status":"publish","type":"page","link":"https:\/\/ideaware.es\/realestate\/vender\/","title":{"rendered":"Vender"},"content":{"rendered":"<p>[et_pb_section fb_built=\u00bb1&#8243; _builder_version=\u00bb4.20.0&#8243; _module_preset=\u00bbdefault\u00bb global_colors_info=\u00bb{}\u00bb][et_pb_row admin_label=\u00bbFila\u00bb _builder_version=\u00bb4.20.0&#8243; _module_preset=\u00bbdefault\u00bb global_colors_info=\u00bb{}\u00bb][et_pb_column type=\u00bb4_4&#8243; _builder_version=\u00bb4.20.0&#8243; _module_preset=\u00bbdefault\u00bb global_colors_info=\u00bb{}\u00bb][et_pb_text _builder_version=\u00bb4.20.0&#8243; _module_preset=\u00bbdefault\u00bb background_color=\u00bbrgba(0,0,0,0.05)\u00bb locked=\u00bboff\u00bb global_colors_info=\u00bb{}\u00bb]<\/p>\n<blockquote>\n<h1><strong><span>Venda con <\/span><\/strong><strong style=\"font-size: 30px;\"><span style=\"color: #d42036;\">Ideaware Real Estate<\/span> y conf\u00ede en el mejor equipo<\/strong><\/h1>\n<h1 style=\"text-align: justify;\"><strong><span style=\"color: #d42036;\"><\/span><\/strong><span style=\"color: #808080;\">Invertimos\u00a0 y trabajamos para conseguir el mejor resultado<\/span><\/h1>\n<\/blockquote>\n<p>[\/et_pb_text][\/et_pb_column][\/et_pb_row][et_pb_row column_structure=\u00bb1_2,1_2&#8243; _builder_version=\u00bb4.20.0&#8243; _module_preset=\u00bbdefault\u00bb global_colors_info=\u00bb{}\u00bb][et_pb_column type=\u00bb1_2&#8243; _builder_version=\u00bb4.20.0&#8243; _module_preset=\u00bbdefault\u00bb global_colors_info=\u00bb{}\u00bb][et_pb_text _builder_version=\u00bb4.20.0&#8243; _module_preset=\u00bbdefault\u00bb custom_padding=\u00bb||1px|||\u00bb global_colors_info=\u00bb{}\u00bb]<\/p>\n<p style=\"text-align: justify;\"><span style=\"color: #d42036;\"><strong>Ideaware Real Estate<\/strong><\/span> empresa l\u00edder en el sector inmobiliario, le asesora en todo el proceso relacionado con la venta de su vivienda, estudiamos todo lo relacionado con ella, como su estado, equipamiento, orientaci\u00f3n y ubicaci\u00f3n, para ayudarle a ponerle precio y proponerle las acciones necesarias para para lizados de alta calidad para satisfacer las necesidades \u00fanicas de cada cliente.<\/p>\n<p style=\"text-align: justify;\">Nuestros equipos de expertos altamente capacitados y con a\u00f1os de experiencia, le asistir\u00e1n en las mejores acciones a realizar para conseguir el mejor resultado para usted. Nuestra estrategia entre otras, contempla las siguientes acciones:<\/p>\n<p style=\"text-align: justify;\">\n<p>[\/et_pb_text][et_pb_blurb title=\u00bbValoraci\u00f3n de la propiedad\u00bb use_icon=\u00bbon\u00bb font_icon=\u00bb&#xe074;||divi||400&#8243; icon_color=\u00bb#FFFFFF\u00bb image_icon_background_color=\u00bb#E02B20&#8243; icon_placement=\u00bbleft\u00bb image_icon_width=\u00bb16px\u00bb _builder_version=\u00bb4.20.0&#8243; _module_preset=\u00bbdefault\u00bb image_icon_custom_margin=\u00bb-3px|3px|-3px|3px|true|true\u00bb image_icon_custom_padding=\u00bb5px|5px|5px|5px|true|true\u00bb custom_margin=\u00bb||2px||false|false\u00bb custom_padding=\u00bb||||false|false\u00bb border_radii_image=\u00bbon|100px|100px|100px|100px\u00bb border_color_all_image=\u00bb#E02B20&#8243; locked=\u00bboff\u00bb global_colors_info=\u00bb{}\u00bb][\/et_pb_blurb][et_pb_blurb title=\u00bbHome Staging\u00bb use_icon=\u00bbon\u00bb font_icon=\u00bb&#xf5aa;||fa||900&#8243; icon_color=\u00bb#FFFFFF\u00bb image_icon_background_color=\u00bb#E02B20&#8243; icon_placement=\u00bbleft\u00bb image_icon_width=\u00bb16px\u00bb _builder_version=\u00bb4.20.0&#8243; _module_preset=\u00bbdefault\u00bb image_icon_custom_margin=\u00bb-3px|3px|-3px|3px|true|true\u00bb image_icon_custom_padding=\u00bb5px|5px|5px|5px|true|true\u00bb custom_margin=\u00bb6px||6px||true|false\u00bb custom_padding=\u00bb||||false|false\u00bb border_radii_image=\u00bbon|100px|100px|100px|100px\u00bb border_color_all_image=\u00bb#E02B20&#8243; locked=\u00bboff\u00bb global_colors_info=\u00bb{}\u00bb][\/et_pb_blurb][et_pb_blurb title=\u00bbDespliege publicitario\u00bb use_icon=\u00bbon\u00bb font_icon=\u00bb&#xf028;||fa||900&#8243; icon_color=\u00bb#FFFFFF\u00bb image_icon_background_color=\u00bb#E02B20&#8243; icon_placement=\u00bbleft\u00bb image_icon_width=\u00bb16px\u00bb _builder_version=\u00bb4.20.0&#8243; _module_preset=\u00bbdefault\u00bb image_icon_custom_margin=\u00bb-3px|3px|-3px|3px|true|true\u00bb image_icon_custom_padding=\u00bb5px|5px|5px|5px|true|true\u00bb custom_margin=\u00bb6px||6px||true|false\u00bb custom_padding=\u00bb||||false|false\u00bb border_radii_image=\u00bbon|100px|100px|100px|100px\u00bb border_color_all_image=\u00bb#E02B20&#8243; locked=\u00bboff\u00bb global_colors_info=\u00bb{}\u00bb][\/et_pb_blurb][et_pb_blurb title=\u00bbComercializaci\u00f3n\u00bb use_icon=\u00bbon\u00bb font_icon=\u00bb&#xe0ed;||divi||400&#8243; icon_color=\u00bb#FFFFFF\u00bb image_icon_background_color=\u00bb#E02B20&#8243; icon_placement=\u00bbleft\u00bb image_icon_width=\u00bb16px\u00bb _builder_version=\u00bb4.20.0&#8243; _module_preset=\u00bbdefault\u00bb image_icon_custom_margin=\u00bb-3px|3px|-3px|3px|true|true\u00bb image_icon_custom_padding=\u00bb5px|5px|5px|5px|true|true\u00bb custom_margin=\u00bb||||true|false\u00bb custom_padding=\u00bb||||false|false\u00bb border_radii_image=\u00bbon|100px|100px|100px|100px\u00bb border_color_all_image=\u00bb#E02B20&#8243; locked=\u00bboff\u00bb global_colors_info=\u00bb{}\u00bb][\/et_pb_blurb][et_pb_text _builder_version=\u00bb4.20.0&#8243; _module_preset=\u00bbdefault\u00bb custom_margin=\u00bb||3vw||false|false\u00bb global_colors_info=\u00bb{}\u00bb]<\/p>\n<p style=\"text-align: justify;\">En <span style=\"color: #d42036;\"><strong>Ideaware Real Estate<\/strong><\/span>, le hacemos gratis la valoraci\u00f3n de su propiedad, en el caso de que el estado de conservaci\u00f3n lo requiera y para hacer m\u00e1s tractiva la operaci\u00f3n de su inmueble, le propondremos las acciones necesarias de cara a mejorar y optimizar el estado de su vivienda, desde hacer un <strong>Home Staging<\/strong> lo que ser\u00eda una \u00abpuesta en escena\u00bb, donde la decoraci\u00f3n es actor principal, hasta una reforma o acondicionamiento de la vivienda, con el objeto de poner en valor la misma y conseguir la mayor rentabilidad a la operaci\u00f3n.<\/p>\n<p style=\"text-align: justify;\">Le garantizamos el mayor <strong>despliege publicitario<\/strong> para su inmueble, desde la publicaci\u00f3n en portales inmobiliarios, a nuestra p\u00e1gina web y a difusiones en colectivos importantes\u00a0 con los que colaboramos.<\/p>\n<p>[\/et_pb_text][et_pb_text _builder_version=\u00bb4.20.0&#8243; _module_preset=\u00bbdefault\u00bb text_font_size=\u00bb26px\u00bb background_color=\u00bb#d42036&#8243; custom_margin=\u00bb-13px||||false|false\u00bb custom_padding=\u00bb20px|20px|20px|20px|true|true\u00bb border_radii=\u00bbon|29px|29px|29px|29px\u00bb locked=\u00bboff\u00bb global_colors_info=\u00bb{}\u00bb]<\/p>\n<p style=\"text-align: justify;\"><span style=\"color: #ffffff;\"><strong>En Ideaware Real Estate<\/strong> hacemos nuestro su proyecto para conseguirle el mejor resultado.<\/span><\/p>\n<p>[\/et_pb_text][\/et_pb_column][et_pb_column type=\u00bb1_2&#8243; _builder_version=\u00bb4.20.0&#8243; _module_preset=\u00bbdefault\u00bb global_colors_info=\u00bb{}\u00bb][et_pb_image src=\u00bbhttps:\/\/ideaware.es\/realestate\/wp-content\/uploads\/sites\/2\/2023\/03\/Semielipse.png\u00bb title_text=\u00bbSemielipse\u00bb _builder_version=\u00bb4.20.0&#8243; _module_preset=\u00bbdefault\u00bb background_enable_color=\u00bboff\u00bb background_image=\u00bbhttps:\/\/ideaware.es\/realestate\/wp-content\/uploads\/sites\/2\/2023\/03\/sidekix-media-1vMz2_MclrM-unsplash.jpg\u00bb global_colors_info=\u00bb{}\u00bb][\/et_pb_image][et_pb_text _builder_version=\u00bb4.20.0&#8243; _module_preset=\u00bbdefault\u00bb custom_margin=\u00bb||3vw||false|false\u00bb custom_padding=\u00bb0px|||||\u00bb global_colors_info=\u00bb{}\u00bb]<\/p>\n<div class=\"et_fb_editing_enabled et-module-75384534-9c77-4c74-991e-1babddceb593 et_pb_text et_pb_module ui-sortable et_pb_text_2 et-animated--vb et_pb_text_align_left et_pb_bg_layout_light\" data-address=\"2.0.0.1\" dynamic=\"[object Object]\" matching=\"[object Object]\" _key=\"75384534-9c77-4c74-991e-1babddceb593\" parent_slug=\"et_pb_column\">\n<div class=\"et_pb_text_inner\">\n<div data-shortcode-id=\"2.0.0.1-1677624853467\" data-quickaccess-editable=\"yes\" class=\"et-fb-popover-tinymce\">\n<div class=\"mce-content-body\" contenteditable=\"true\" style=\"position: relative;\">\n<p style=\"text-align: justify;\"><strong><span style=\"color: #d42036;\">Ideaware Real Estate<\/span><\/strong>, le garantiza la mejor y m\u00e1s profesional <strong>comercializaci\u00f3n<\/strong> de su propiedad, nuestro objetivo es presentar su inmueble de la manera m\u00e1s efectiva para conseguir aumentar su valor, su visibilidad y su precio, por lo que estudiaremos y valoraremos con usted las estrategias a dise\u00f1ar y c\u00f3mo abordarlas. Nosotros s\u00f3lo cobramos si vendemos su propiedad. El plazo m\u00e1ximo de media de venta de su inmueble con nosotros gira en torno a menos de 30 d\u00edas.<\/p>\n<p style=\"text-align: justify;\">Le asesoramos en todo el proceso de venta y le ayudamos a afrontar todos los desafios que supone conseguir el m\u00e1ximo rendimiento en la venta de su inmueble.<\/p>\n<p style=\"text-align: justify;\">Disponemos de acceso a carteras de clientes y sus demandas, tanto propios como de colectivos importantes de alto poder adquisitivo, as\u00ed como inversores del sector inmobiliario, que pueden interesarse por su inmueble y a los que se los podemos ofrecer.<\/p>\n<\/div>\n<\/div>\n<\/div>\n<\/div>\n<p>[\/et_pb_text][et_pb_text _builder_version=\u00bb4.20.0&#8243; _module_preset=\u00bbdefault\u00bb background_color=\u00bbrgba(0,0,0,0.05)\u00bb custom_margin=\u00bb||||false|false\u00bb custom_padding=\u00bb||0px||false|false\u00bb locked=\u00bboff\u00bb global_colors_info=\u00bb{}\u00bb]<\/p>\n<blockquote>\n<h1 style=\"text-align: justify;\"><strong>Venda su vivienda con nosotros<\/strong><\/h1>\n<h3><span style=\"color: #808080;\">Consiga el mejor precio y gane tranquilidad<\/span><\/h3>\n<\/blockquote>\n<p>[\/et_pb_text][\/et_pb_column][\/et_pb_row][\/et_pb_section][et_pb_section fb_built=\u00bb1&#8243; _builder_version=\u00bb4.20.0&#8243; _module_preset=\u00bbdefault\u00bb background_color=\u00bb#d42036&#8243; global_colors_info=\u00bb{}\u00bb][et_pb_row column_structure=\u00bb1_2,1_2&#8243; _builder_version=\u00bb4.20.0&#8243; _module_preset=\u00bbdefault\u00bb custom_margin=\u00bb-1vw||-1vw||true|false\u00bb custom_padding=\u00bb||0px||false|false\u00bb global_colors_info=\u00bb{}\u00bb][et_pb_column type=\u00bb1_2&#8243; _builder_version=\u00bb4.20.0&#8243; _module_preset=\u00bbdefault\u00bb global_colors_info=\u00bb{}\u00bb][et_pb_image src=\u00bbhttps:\/\/ideaware.es\/realestate\/wp-content\/uploads\/sites\/2\/2023\/03\/Marco3.png\u00bb title_text=\u00bbMarco3&#8243; _builder_version=\u00bb4.20.0&#8243; _module_preset=\u00bbdefault\u00bb background_image=\u00bbhttps:\/\/ideaware.es\/realestate\/wp-content\/uploads\/sites\/2\/2023\/03\/sidekix-media-WgkA3CSFrjc-unsplash.jpg\u00bb custom_margin=\u00bb-2vw||||false|false\u00bb global_colors_info=\u00bb{}\u00bb][\/et_pb_image][\/et_pb_column][et_pb_column type=\u00bb1_2&#8243; _builder_version=\u00bb4.20.0&#8243; _module_preset=\u00bbdefault\u00bb global_colors_info=\u00bb{}\u00bb][et_pb_text _builder_version=\u00bb4.20.0&#8243; _module_preset=\u00bbdefault\u00bb global_colors_info=\u00bb{}\u00bb]<\/p>\n<h2 style=\"text-align: justify;\"><strong><em><span style=\"color: #ffffff;\">\u00a1CONF\u00cdE EN LA MEJOR INMOBILIARIA!<\/span><\/em><\/strong><\/h2>\n<p style=\"text-align: justify;\"><span style=\"color: #ffffff;\"><\/span><\/p>\n<p style=\"text-align: justify;\"><span style=\"color: #ffffff;\">Nuestro equipo se pondr\u00e1 a su servicio, estudiaremos su caso y le dise\u00f1aremos y ofreceremos las mejores estrateg\u00edas para que consiga los mejores resultados y lograr la venta en el menor tiempo posible consiguiendo el mejor partido a su propiedad.<\/span><\/p>\n<p style=\"text-align: justify;\"><span style=\"color: #ffffff;\"><strong><\/strong><\/span><\/p>\n<p style=\"text-align: justify;\"><span style=\"color: #ffffff;\"><strong>No exigimos exclusiva, le valoramos gratis su inmueble y le asesoramos sin compromiso, le ayudamos en todo el proceso y lo m\u00e1s importante, trabajamos a \u00e9xito, solo cobramos si vendemos su propiedad.<\/strong><\/span><\/p>\n<p><em><span style=\"color: #ffffff;\"><strong><\/strong><\/span><\/em><\/p>\n<p><span style=\"color: #ffffff;\"><strong>\u00a1CON NUESTRO APOYO VENDA SU INMUEBLE EN MENOS DE 30 D\u00cdAS!<\/strong><\/span><\/p>\n<p><span style=\"color: #ffffff;\"><strong><\/strong><\/span><\/p>\n<p>[\/et_pb_text][\/et_pb_column][\/et_pb_row][\/et_pb_section][et_pb_section fb_built=\u00bb1&#8243; _builder_version=\u00bb4.20.0&#8243; _module_preset=\u00bbdefault\u00bb background_color=\u00bb#303030&#8243; custom_margin=\u00bb4vw||||false|false\u00bb custom_padding=\u00bb0px||0px||true|false\u00bb global_colors_info=\u00bb{}\u00bb][et_pb_row _builder_version=\u00bb4.20.0&#8243; _module_preset=\u00bbdefault\u00bb custom_margin=\u00bb||||false|false\u00bb custom_padding=\u00bb||||false|false\u00bb global_colors_info=\u00bb{}\u00bb][et_pb_column type=\u00bb4_4&#8243; _builder_version=\u00bb4.20.0&#8243; _module_preset=\u00bbdefault\u00bb global_colors_info=\u00bb{}\u00bb][et_pb_text _builder_version=\u00bb4.20.0&#8243; _module_preset=\u00bbdefault\u00bb background_color=\u00bb#303030&#8243; custom_margin=\u00bb||||true|false\u00bb custom_padding=\u00bb19px||19px||true|true\u00bb global_colors_info=\u00bb{}\u00bb]<\/p>\n<h1 style=\"text-align: center;\"><span style=\"color: #ffffff;\">Escr\u00edbenos un mensaje <\/span><\/h1>\n<h4 style=\"text-align: center;\"><span style=\"color: #ffffff;\">contactaremos contigo lo antes posible<\/span><\/h4>\n<p>[\/et_pb_text][et_pb_contact_form captcha=\u00bboff\u00bb email=\u00bbrealestate@ideaware.es\u00bb custom_message=\u00bb%%Name%% interesado en %%Option%% con correo %%Email%% y tel\u00e9fono %%Phone%%, dice: %%Message%%\u00bb success_message=\u00bbGracias por contactar con Ideaware Real Estate, muy pronto nos pondremos en contacto contigo.\u00bb module_id=\u00bbCSS ID\u00bb module_class=\u00bbac-form\u00bb _builder_version=\u00bb4.20.0&#8243; _module_preset=\u00bbdefault\u00bb _unique_id=\u00bbecce3aac-9788-408e-a803-1b6848a37861&#8243; title_text_color=\u00bb#FFFFFF\u00bb background_color=\u00bb#303030&#8243; custom_button=\u00bbon\u00bb button_text_color=\u00bb#FFFFFF\u00bb button_bg_color=\u00bb#000000&#8243; button_border_color=\u00bb#E02B20&#8243; custom_margin=\u00bb0px||||false|true\u00bb custom_padding=\u00bb||||true|true\u00bb global_colors_info=\u00bb{}\u00bb][et_pb_contact_field field_id=\u00bbName\u00bb field_title=\u00bbNombre\u00bb _builder_version=\u00bb4.20.0&#8243; width=\u00bb50%\u00bb global_colors_info=\u00bb{}\u00bb button_text_size__hover_enabled=\u00bboff\u00bb button_one_text_size__hover_enabled=\u00bboff\u00bb button_two_text_size__hover_enabled=\u00bboff\u00bb button_text_color__hover_enabled=\u00bboff\u00bb button_one_text_color__hover_enabled=\u00bboff\u00bb button_two_text_color__hover_enabled=\u00bboff\u00bb button_border_width__hover_enabled=\u00bboff\u00bb button_one_border_width__hover_enabled=\u00bboff\u00bb button_two_border_width__hover_enabled=\u00bboff\u00bb button_border_color__hover_enabled=\u00bboff\u00bb button_one_border_color__hover_enabled=\u00bboff\u00bb button_two_border_color__hover_enabled=\u00bboff\u00bb button_border_radius__hover_enabled=\u00bboff\u00bb button_one_border_radius__hover_enabled=\u00bboff\u00bb button_two_border_radius__hover_enabled=\u00bboff\u00bb button_letter_spacing__hover_enabled=\u00bboff\u00bb button_one_letter_spacing__hover_enabled=\u00bboff\u00bb button_two_letter_spacing__hover_enabled=\u00bboff\u00bb button_bg_color__hover_enabled=\u00bboff\u00bb button_one_bg_color__hover_enabled=\u00bboff\u00bb button_two_bg_color__hover_enabled=\u00bboff\u00bb][\/et_pb_contact_field][et_pb_contact_field field_id=\u00bbPhone\u00bb field_title=\u00bbTel\u00e9fono\u00bb _builder_version=\u00bb4.20.0&#8243; _module_preset=\u00bbdefault\u00bb width=\u00bb50%\u00bb global_colors_info=\u00bb{}\u00bb][\/et_pb_contact_field][et_pb_contact_field field_id=\u00bbEmail\u00bb field_title=\u00bbCorreo electr\u00f3nico\u00bb field_type=\u00bbemail\u00bb _builder_version=\u00bb4.20.0&#8243; global_colors_info=\u00bb{}\u00bb button_text_size__hover_enabled=\u00bboff\u00bb button_one_text_size__hover_enabled=\u00bboff\u00bb button_two_text_size__hover_enabled=\u00bboff\u00bb button_text_color__hover_enabled=\u00bboff\u00bb button_one_text_color__hover_enabled=\u00bboff\u00bb button_two_text_color__hover_enabled=\u00bboff\u00bb button_border_width__hover_enabled=\u00bboff\u00bb button_one_border_width__hover_enabled=\u00bboff\u00bb button_two_border_width__hover_enabled=\u00bboff\u00bb button_border_color__hover_enabled=\u00bboff\u00bb button_one_border_color__hover_enabled=\u00bboff\u00bb button_two_border_color__hover_enabled=\u00bboff\u00bb button_border_radius__hover_enabled=\u00bboff\u00bb button_one_border_radius__hover_enabled=\u00bboff\u00bb button_two_border_radius__hover_enabled=\u00bboff\u00bb button_letter_spacing__hover_enabled=\u00bboff\u00bb button_one_letter_spacing__hover_enabled=\u00bboff\u00bb button_two_letter_spacing__hover_enabled=\u00bboff\u00bb button_bg_color__hover_enabled=\u00bboff\u00bb button_one_bg_color__hover_enabled=\u00bboff\u00bb button_two_bg_color__hover_enabled=\u00bboff\u00bb][\/et_pb_contact_field][et_pb_contact_field field_id=\u00bbOption\u00bb field_title=\u00bbElige una opci\u00f3n\u00bb field_type=\u00bbselect\u00bb select_options=\u00bb%91{%22value%22:%22Quiero vender una vivienda%22,%22checked%22:0,%22dragID%22:-1},{%22value%22:%22Quiero vender un local%22,%22checked%22:0,%22dragID%22:0},{%22value%22:%22Quiero vender otro tipo de inmueble%22,%22checked%22:0,%22dragID%22:1},{%22value%22:%22Quiero alquilar una vivienda%22,%22checked%22:0,%22dragID%22:2},{%22value%22:%22Quiero alquilar un local%22,%22checked%22:0,%22dragID%22:3},{%22value%22:%22Quiero alquilar otro tipo de inmueble%22,%22checked%22:0,%22dragID%22:4},{%22value%22:%22Necesito hacer una reforma%22,%22checked%22:0,%22dragID%22:5},{%22value%22:%22Quiero invertir%22,%22checked%22:0,%22dragID%22:6},{%22value%22:%22Necesito servicios profesionales%22,%22checked%22:0,%22dragID%22:7}%93&#8243; _builder_version=\u00bb4.20.0&#8243; _module_preset=\u00bbdefault\u00bb width=\u00bb50%\u00bb global_colors_info=\u00bb{}\u00bb][\/et_pb_contact_field][et_pb_contact_field field_id=\u00bbMessage\u00bb field_title=\u00bbMensaje\u00bb field_type=\u00bbtext\u00bb fullwidth_field=\u00bbon\u00bb _builder_version=\u00bb4.16&#8243; global_colors_info=\u00bb{}\u00bb button_text_size__hover_enabled=\u00bboff\u00bb button_one_text_size__hover_enabled=\u00bboff\u00bb button_two_text_size__hover_enabled=\u00bboff\u00bb button_text_color__hover_enabled=\u00bboff\u00bb button_one_text_color__hover_enabled=\u00bboff\u00bb button_two_text_color__hover_enabled=\u00bboff\u00bb button_border_width__hover_enabled=\u00bboff\u00bb button_one_border_width__hover_enabled=\u00bboff\u00bb button_two_border_width__hover_enabled=\u00bboff\u00bb button_border_color__hover_enabled=\u00bboff\u00bb button_one_border_color__hover_enabled=\u00bboff\u00bb button_two_border_color__hover_enabled=\u00bboff\u00bb button_border_radius__hover_enabled=\u00bboff\u00bb button_one_border_radius__hover_enabled=\u00bboff\u00bb button_two_border_radius__hover_enabled=\u00bboff\u00bb button_letter_spacing__hover_enabled=\u00bboff\u00bb button_one_letter_spacing__hover_enabled=\u00bboff\u00bb button_two_letter_spacing__hover_enabled=\u00bboff\u00bb button_bg_color__hover_enabled=\u00bboff\u00bb button_one_bg_color__hover_enabled=\u00bboff\u00bb button_two_bg_color__hover_enabled=\u00bboff\u00bb][\/et_pb_contact_field][et_pb_contact_field field_id=\u00bbLOPD\u00bb field_title=\u00bbPol\u00edtica de privacidad\u00bb field_type=\u00bbcheckbox\u00bb checkbox_options=\u00bb%91{%22value%22:%22Acepto que Ideaware Real Estate use los datos facilitados para darme los servicios e informaci\u00f3n que precise. Ver pol\u00edtica de datos.%22,%22checked%22:0,%22dragID%22:-1}%93&#8243; fullwidth_field=\u00bbon\u00bb _builder_version=\u00bb4.20.0&#8243; _module_preset=\u00bbdefault\u00bb form_field_text_color=\u00bb#FFFFFF\u00bb text_orientation=\u00bbjustified\u00bb global_colors_info=\u00bb{}\u00bb][\/et_pb_contact_field][\/et_pb_contact_form][\/et_pb_column][\/et_pb_row][\/et_pb_section]<\/p>\n","protected":false},"excerpt":{"rendered":"<p>Venda con Ideaware Real Estate y conf\u00ede en el mejor equipo Invertimos\u00a0 y trabajamos para conseguir el mejor resultado Ideaware Real Estate empresa l\u00edder en el sector inmobiliario, le asesora en todo el proceso relacionado con la venta de su vivienda, estudiamos todo lo relacionado con ella, como su estado, equipamiento, orientaci\u00f3n y ubicaci\u00f3n, para [&hellip;]<\/p>\n","protected":false},"author":1,"featured_media":0,"parent":0,"menu_order":0,"comment_status":"closed","ping_status":"closed","template":"","meta":{"_et_pb_use_builder":"on","_et_pb_old_content":"","_et_gb_content_width":"","_joinchat":[],"footnotes":""},"class_list":["post-423","page","type-page","status-publish","hentry"],"_links":{"self":[{"href":"https:\/\/ideaware.es\/realestate\/wp-json\/wp\/v2\/pages\/423","targetHints":{"allow":["GET"]}}],"collection":[{"href":"https:\/\/ideaware.es\/realestate\/wp-json\/wp\/v2\/pages"}],"about":[{"href":"https:\/\/ideaware.es\/realestate\/wp-json\/wp\/v2\/types\/page"}],"author":[{"embeddable":true,"href":"https:\/\/ideaware.es\/realestate\/wp-json\/wp\/v2\/users\/1"}],"replies":[{"embeddable":true,"href":"https:\/\/ideaware.es\/realestate\/wp-json\/wp\/v2\/comments?post=423"}],"version-history":[{"count":18,"href":"https:\/\/ideaware.es\/realestate\/wp-json\/wp\/v2\/pages\/423\/revisions"}],"predecessor-version":[{"id":591,"href":"https:\/\/ideaware.es\/realestate\/wp-json\/wp\/v2\/pages\/423\/revisions\/591"}],"wp:attachment":[{"href":"https:\/\/ideaware.es\/realestate\/wp-json\/wp\/v2\/media?parent=423"}],"curies":[{"name":"wp","href":"https:\/\/api.w.org\/{rel}","templated":true}]}}