{"id":528,"date":"2023-03-14T12:39:34","date_gmt":"2023-03-14T12:39:34","guid":{"rendered":"https:\/\/ideaware.es\/realestate\/?page_id=528"},"modified":"2023-03-14T19:09:11","modified_gmt":"2023-03-14T19:09:11","slug":"comprar","status":"publish","type":"page","link":"https:\/\/ideaware.es\/realestate\/comprar\/","title":{"rendered":"Comprar"},"content":{"rendered":"<p>[et_pb_section fb_built=\u00bb1&#8243; _builder_version=\u00bb4.20.0&#8243; _module_preset=\u00bbdefault\u00bb global_colors_info=\u00bb{}\u00bb][et_pb_row admin_label=\u00bbFila\u00bb _builder_version=\u00bb4.20.0&#8243; _module_preset=\u00bbdefault\u00bb global_colors_info=\u00bb{}\u00bb][et_pb_column type=\u00bb4_4&#8243; _builder_version=\u00bb4.20.0&#8243; _module_preset=\u00bbdefault\u00bb global_colors_info=\u00bb{}\u00bb][et_pb_text _builder_version=\u00bb4.20.0&#8243; _module_preset=\u00bbdefault\u00bb background_color=\u00bbrgba(0,0,0,0.05)\u00bb locked=\u00bboff\u00bb global_colors_info=\u00bb{}\u00bb]<\/p>\n<blockquote>\n<h1 style=\"text-align: justify;\"><strong>Compre con <span style=\"color: #d42036;\">Ideaware Real Estate <span style=\"color: #333333;\">en las mejores condiciones<\/span><\/span><\/strong><\/h1>\n<h3><span style=\"color: #808080;\">Le ayudamos a conseguir la propiedad de sus sue\u00f1os, siempre al mejor precio<\/span><\/h3>\n<\/blockquote>\n<p>[\/et_pb_text][\/et_pb_column][\/et_pb_row][et_pb_row column_structure=\u00bb1_2,1_2&#8243; _builder_version=\u00bb4.20.0&#8243; _module_preset=\u00bbdefault\u00bb global_colors_info=\u00bb{}\u00bb][et_pb_column type=\u00bb1_2&#8243; _builder_version=\u00bb4.20.0&#8243; _module_preset=\u00bbdefault\u00bb global_colors_info=\u00bb{}\u00bb][et_pb_text _builder_version=\u00bb4.20.0&#8243; _module_preset=\u00bbdefault\u00bb custom_padding=\u00bb||1px|||\u00bb global_colors_info=\u00bb{}\u00bb]<\/p>\n<p style=\"text-align: justify;\"><span style=\"color: #d42036;\"><span style=\"color: #666666;\">En <\/span><strong>Ideaware Real Estate<\/strong><\/span> le buscamos las mejores propiedades del mercado al mejor precio, le ayudamos a buscar el inmueble de sus sue\u00f1os y sino lo encontramos lo creamos para usted con nuestro servicio de <strong>reforma llave en mano<\/strong>, le hacemos proyecto de <strong>acondicionamiento de su vivienda a precio cerrado<\/strong> seg\u00fan sus gustos y necesidades, con la mayor garant\u00eda, calidad, precio y atenci\u00f3n personalizada.<\/p>\n<p style=\"text-align: justify;\">\n<p style=\"text-align: justify;\">\n<p style=\"text-align: justify;\">\n<p>[\/et_pb_text][et_pb_image src=\u00bbhttps:\/\/ideaware.es\/realestate\/wp-content\/uploads\/sites\/2\/2023\/03\/Marco4.png\u00bb title_text=\u00bbmaria-ziegler-jJnZg7vBfMs-unsplash\u00bb _builder_version=\u00bb4.20.0&#8243; _module_preset=\u00bbdefault\u00bb background_image=\u00bbhttps:\/\/ideaware.es\/realestate\/wp-content\/uploads\/sites\/2\/2023\/03\/maria-ziegler-jJnZg7vBfMs-unsplash.jpg\u00bb global_colors_info=\u00bb{}\u00bb][\/et_pb_image][et_pb_text _builder_version=\u00bb4.20.0&#8243; _module_preset=\u00bbdefault\u00bb custom_margin=\u00bb||3vw||false|false\u00bb global_colors_info=\u00bb{}\u00bb]<\/p>\n<p style=\"text-align: justify;\">Le damos todo el soporte legal y t\u00e9cnico para que compre sin sobresaltos, siempre velando por conseguir su proyecto en las mejores condiciones.<\/p>\n<p style=\"text-align: justify;\">\n<p>[\/et_pb_text][et_pb_text _builder_version=\u00bb4.20.0&#8243; _module_preset=\u00bbdefault\u00bb background_color=\u00bbrgba(0,0,0,0.05)\u00bb custom_margin=\u00bb||||false|false\u00bb custom_padding=\u00bb||0px||false|false\u00bb locked=\u00bboff\u00bb global_colors_info=\u00bb{}\u00bb]<\/p>\n<blockquote>\n<h1 style=\"text-align: justify;\"><span style=\"text-align: left;\"><b>Compre el inmueble que sue\u00f1a<\/b><\/span><\/h1>\n<h1 style=\"text-align: justify;\"><span style=\"color: #808080; font-size: 22px; text-align: left;\">Le ayudamos a buscar y construir su sue\u00f1o<\/span><\/h1>\n<\/blockquote>\n<p>[\/et_pb_text][\/et_pb_column][et_pb_column type=\u00bb1_2&#8243; _builder_version=\u00bb4.20.0&#8243; _module_preset=\u00bbdefault\u00bb global_colors_info=\u00bb{}\u00bb][et_pb_text _builder_version=\u00bb4.20.0&#8243; _module_preset=\u00bbdefault\u00bb custom_margin=\u00bb||3vw||false|false\u00bb global_colors_info=\u00bb{}\u00bb]<\/p>\n<div class=\"et_fb_editing_enabled et-module-75384534-9c77-4c74-991e-1babddceb593 et_pb_text et_pb_module ui-sortable et_pb_text_2 et-animated--vb et_pb_text_align_left et_pb_bg_layout_light\" data-address=\"2.0.0.1\" dynamic=\"[object Object]\" matching=\"[object Object]\" _key=\"75384534-9c77-4c74-991e-1babddceb593\" parent_slug=\"et_pb_column\">\n<div class=\"et_pb_text_inner\">\n<div data-shortcode-id=\"2.0.0.1-1677624853467\" data-quickaccess-editable=\"yes\" class=\"et-fb-popover-tinymce\">\n<div class=\"mce-content-body\" contenteditable=\"true\" style=\"position: relative;\">\n<p style=\"text-align: justify;\"><span style=\"color: #666666;\">Ajustamos su proyecto a inmuebles disponibles de las zona de su preferencia que en muchas ocasiones al estar sin reformar se consiguen a mucho mejor precio. <\/span><\/p>\n<\/div>\n<\/div>\n<\/div>\n<\/div>\n<p>[\/et_pb_text][et_pb_text _builder_version=\u00bb4.20.0&#8243; _module_preset=\u00bbdefault\u00bb text_font_size=\u00bb26px\u00bb background_color=\u00bb#d42036&#8243; custom_margin=\u00bb-13px||||false|false\u00bb custom_padding=\u00bb20px|20px|20px|20px|true|true\u00bb border_radii=\u00bbon|29px|29px|29px|29px\u00bb locked=\u00bboff\u00bb global_colors_info=\u00bb{}\u00bb]<\/p>\n<p style=\"text-align: justify;\"><span style=\"color: #ffffff;\"><strong>En Ideaware Real Estate<\/strong> hacemos su proyecto realidad en las mejores zonas con la mejor calidad y precio.<\/span><\/p>\n<p>[\/et_pb_text][et_pb_text _builder_version=\u00bb4.20.0&#8243; _module_preset=\u00bbdefault\u00bb locked=\u00bboff\u00bb global_colors_info=\u00bb{}\u00bb]<\/p>\n<p style=\"text-align: justify;\"><strong><span style=\"color: #d42036;\">Ideaware Real Estate<\/span><\/strong>, tambi\u00e9n le ofrece viviendas ya rehabilitadas y de obra nueva, para que compre de manera r\u00e1pida la vivienda o inmueble que siempre dese\u00f3 con las mejores calidades y en las ubicaciones m\u00e1s solicitadas.<\/p>\n<p style=\"text-align: justify;\">Acceda a nuestra cartera de servicios donde destacamos:<\/p>\n<p>[\/et_pb_text][et_pb_blurb title=\u00bbAsesoramiento t\u00e9cnico\u00bb use_icon=\u00bbon\u00bb font_icon=\u00bb&#xf807;||fa||900&#8243; icon_color=\u00bb#FFFFFF\u00bb image_icon_background_color=\u00bb#E02B20&#8243; icon_placement=\u00bbleft\u00bb image_icon_width=\u00bb16px\u00bb _builder_version=\u00bb4.20.0&#8243; _module_preset=\u00bbdefault\u00bb image_icon_custom_margin=\u00bb-3px|3px|-3px|3px|true|true\u00bb image_icon_custom_padding=\u00bb5px|5px|5px|5px|true|true\u00bb custom_margin=\u00bb||2px||false|false\u00bb custom_padding=\u00bb||||false|false\u00bb border_radii_image=\u00bbon|100px|100px|100px|100px\u00bb border_color_all_image=\u00bb#E02B20&#8243; locked=\u00bboff\u00bb global_colors_info=\u00bb{}\u00bb][\/et_pb_blurb][et_pb_blurb title=\u00bbReforma llave en mano\u00bb use_icon=\u00bbon\u00bb font_icon=\u00bb&#xf084;||fa||900&#8243; icon_color=\u00bb#FFFFFF\u00bb image_icon_background_color=\u00bb#E02B20&#8243; icon_placement=\u00bbleft\u00bb image_icon_width=\u00bb16px\u00bb _builder_version=\u00bb4.20.0&#8243; _module_preset=\u00bbdefault\u00bb image_icon_custom_margin=\u00bb-3px|3px|-3px|3px|true|true\u00bb image_icon_custom_padding=\u00bb5px|5px|5px|5px|true|true\u00bb custom_margin=\u00bb6px||6px||true|false\u00bb custom_padding=\u00bb||||false|false\u00bb border_radii_image=\u00bbon|100px|100px|100px|100px\u00bb border_color_all_image=\u00bb#E02B20&#8243; locked=\u00bboff\u00bb global_colors_info=\u00bb{}\u00bb][\/et_pb_blurb][et_pb_blurb title=\u00bbAsesoramiento legal\u00bb use_icon=\u00bbon\u00bb font_icon=\u00bb&#xf24e;||fa||900&#8243; icon_color=\u00bb#FFFFFF\u00bb image_icon_background_color=\u00bb#E02B20&#8243; icon_placement=\u00bbleft\u00bb image_icon_width=\u00bb16px\u00bb _builder_version=\u00bb4.20.0&#8243; _module_preset=\u00bbdefault\u00bb image_icon_custom_margin=\u00bb-3px|3px|-3px|3px|true|true\u00bb image_icon_custom_padding=\u00bb5px|5px|5px|5px|true|true\u00bb custom_margin=\u00bb6px||6px||true|false\u00bb custom_padding=\u00bb||||false|false\u00bb border_radii_image=\u00bbon|100px|100px|100px|100px\u00bb border_color_all_image=\u00bb#E02B20&#8243; locked=\u00bboff\u00bb global_colors_info=\u00bb{}\u00bb][\/et_pb_blurb][et_pb_blurb title=\u00bbFinanciaci\u00f3n\u00bb use_icon=\u00bbon\u00bb font_icon=\u00bb&#xe0ed;||divi||400&#8243; icon_color=\u00bb#FFFFFF\u00bb image_icon_background_color=\u00bb#E02B20&#8243; icon_placement=\u00bbleft\u00bb image_icon_width=\u00bb16px\u00bb _builder_version=\u00bb4.20.0&#8243; _module_preset=\u00bbdefault\u00bb image_icon_custom_margin=\u00bb-3px|3px|-3px|3px|true|true\u00bb image_icon_custom_padding=\u00bb5px|5px|5px|5px|true|true\u00bb custom_margin=\u00bb||||true|false\u00bb custom_padding=\u00bb||||false|false\u00bb border_radii_image=\u00bbon|100px|100px|100px|100px\u00bb border_color_all_image=\u00bb#E02B20&#8243; locked=\u00bboff\u00bb global_colors_info=\u00bb{}\u00bb][\/et_pb_blurb][et_pb_text _builder_version=\u00bb4.20.0&#8243; _module_preset=\u00bbdefault\u00bb global_colors_info=\u00bb{}\u00bb]<\/p>\n<p style=\"text-align: justify;\"><span style=\"font-size: 14px; color: #666666;\"><b>PULSE EN EL SIGUIENTE BOT\u00d3N PARA CONOCER NUESTRO CAT\u00c1LOGO DE PROPIEDADES<\/b>:<\/span><\/p>\n<p>[\/et_pb_text][et_pb_button button_url=\u00bbhttps:\/\/ideaware.es\/realestate\/inmuebles\/\u00bb button_text=\u00bbPROPIEDADES\u00bb button_alignment=\u00bbcenter\u00bb _builder_version=\u00bb4.20.0&#8243; _module_preset=\u00bbdefault\u00bb custom_button=\u00bbon\u00bb button_text_color=\u00bb#FFFFFF\u00bb button_bg_color=\u00bb#d42036&#8243; button_border_radius=\u00bb14px\u00bb button_font=\u00bb|600|||||||\u00bb global_colors_info=\u00bb{}\u00bb][\/et_pb_button][\/et_pb_column][\/et_pb_row][\/et_pb_section][et_pb_section fb_built=\u00bb1&#8243; _builder_version=\u00bb4.20.0&#8243; _module_preset=\u00bbdefault\u00bb background_color=\u00bb#d42036&#8243; global_colors_info=\u00bb{}\u00bb][et_pb_row column_structure=\u00bb1_2,1_2&#8243; _builder_version=\u00bb4.20.0&#8243; _module_preset=\u00bbdefault\u00bb hover_enabled=\u00bb0&#8243; global_colors_info=\u00bb{}\u00bb custom_margin=\u00bb-3vw||-3vw||true|false\u00bb sticky_enabled=\u00bb0&#8243;][et_pb_column type=\u00bb1_2&#8243; _builder_version=\u00bb4.20.0&#8243; _module_preset=\u00bbdefault\u00bb global_colors_info=\u00bb{}\u00bb][et_pb_text _builder_version=\u00bb4.20.0&#8243; _module_preset=\u00bbdefault\u00bb global_colors_info=\u00bb{}\u00bb]<\/p>\n<h2 style=\"text-align: justify;\"><strong><em><span style=\"color: #ffffff;\">\u00a1CONSIGA EL INMUEBLE QUE SUE\u00d1A!<\/span><\/em><\/strong><\/h2>\n<p style=\"text-align: justify;\"><span style=\"color: #ffffff;\"><\/span><\/p>\n<p style=\"text-align: justify;\"><span style=\"color: #ffffff;\">Nuestra empresa le buscar\u00e1 la propiedad que siempre estuvo buscando y no encontr\u00f3, le dise\u00f1aremos la estrategia de \u00e9xito para que pueda acceder al inmueble de sus sue\u00f1os.<\/span><\/p>\n<p style=\"text-align: justify;\"><span style=\"color: #ffffff;\">Le buscamos una ubicaci\u00f3n para su proyecto en las mejores zonas y sino lo tenemos se lo creamos, le hacemos un proyecto llave en mano con presupuesto cerrado, sin sobresaltos, ni imprevistos.<\/span><\/p>\n<p style=\"text-align: justify;\"><span style=\"color: #ffffff;\"><strong>Somos gestores de patrimonio y aparte colaboramos con muchas empresas del sector desde inmobiliarias a promotoras, particulares y propietarios con quienes podemos localizar el inmueble que siempre busc\u00f3.<\/strong><\/span><\/p>\n<p style=\"text-align: justify;\"><span style=\"color: #ffffff;\">Protegemos su inveri\u00f3n asesor\u00e1ndole para que realice la mejor adquisici\u00f3n y que t\u00e9cnica, legal y finacieramiente su operaci\u00f3n est\u00e9 garantizada.<strong><\/strong><\/span><\/p>\n<p><em><span style=\"color: #ffffff;\"><strong><\/strong><\/span><\/em><\/p>\n<p><span style=\"color: #ffffff;\"><strong>\u00a1P\u00d3NGASE EN MANOS DE PROFESIONALES QUE VELAR\u00c1N POR SUS INTERESES!<\/strong><\/span><\/p>\n<p><span style=\"color: #ffffff;\"><strong><\/strong><\/span><\/p>\n<p>[\/et_pb_text][\/et_pb_column][et_pb_column type=\u00bb1_2&#8243; _builder_version=\u00bb4.20.0&#8243; _module_preset=\u00bbdefault\u00bb global_colors_info=\u00bb{}\u00bb][et_pb_image src=\u00bbhttps:\/\/ideaware.es\/realestate\/wp-content\/uploads\/sites\/2\/2023\/03\/Marco6.png\u00bb title_text=\u00bbterrah-holly-pmhdkgRCbtE-unsplash\u00bb _builder_version=\u00bb4.20.0&#8243; _module_preset=\u00bbdefault\u00bb background_image=\u00bbhttps:\/\/ideaware.es\/realestate\/wp-content\/uploads\/sites\/2\/2023\/03\/terrah-holly-pmhdkgRCbtE-unsplash.jpg\u00bb custom_margin=\u00bb3vw||||false|false\u00bb global_colors_info=\u00bb{}\u00bb][\/et_pb_image][\/et_pb_column][\/et_pb_row][\/et_pb_section][et_pb_section fb_built=\u00bb1&#8243; _builder_version=\u00bb4.20.0&#8243; _module_preset=\u00bbdefault\u00bb background_color=\u00bb#303030&#8243; custom_margin=\u00bb4vw||||false|false\u00bb custom_padding=\u00bb0px||0px||true|false\u00bb global_colors_info=\u00bb{}\u00bb][et_pb_row _builder_version=\u00bb4.20.0&#8243; _module_preset=\u00bbdefault\u00bb custom_margin=\u00bb||||false|false\u00bb custom_padding=\u00bb||||false|false\u00bb global_colors_info=\u00bb{}\u00bb][et_pb_column type=\u00bb4_4&#8243; _builder_version=\u00bb4.20.0&#8243; _module_preset=\u00bbdefault\u00bb global_colors_info=\u00bb{}\u00bb][et_pb_text _builder_version=\u00bb4.20.0&#8243; _module_preset=\u00bbdefault\u00bb background_color=\u00bb#303030&#8243; custom_margin=\u00bb||||true|false\u00bb custom_padding=\u00bb19px||19px||true|true\u00bb global_colors_info=\u00bb{}\u00bb]<\/p>\n<h1 style=\"text-align: center;\"><span style=\"color: #ffffff;\">Escr\u00edbenos un mensaje <\/span><\/h1>\n<h4 style=\"text-align: center;\"><span style=\"color: #ffffff;\">contactaremos contigo lo antes posible<\/span><\/h4>\n<p>[\/et_pb_text][et_pb_contact_form captcha=\u00bboff\u00bb email=\u00bbrealestate@ideaware.es\u00bb custom_message=\u00bb%%Name%% interesado en %%Option%% con correo %%Email%% y tel\u00e9fono %%Phone%%, dice: %%Message%%\u00bb success_message=\u00bbGracias por contactar con Ideaware Real Estate, muy pronto nos pondremos en contacto contigo.\u00bb module_id=\u00bbCSS ID\u00bb module_class=\u00bbac-form\u00bb _builder_version=\u00bb4.20.0&#8243; _module_preset=\u00bbdefault\u00bb _unique_id=\u00bbecce3aac-9788-408e-a803-1b6848a37861&#8243; title_text_color=\u00bb#FFFFFF\u00bb background_color=\u00bb#303030&#8243; custom_button=\u00bbon\u00bb button_text_color=\u00bb#FFFFFF\u00bb button_bg_color=\u00bb#000000&#8243; button_border_color=\u00bb#E02B20&#8243; custom_margin=\u00bb0px||||false|true\u00bb custom_padding=\u00bb||||true|true\u00bb global_colors_info=\u00bb{}\u00bb][et_pb_contact_field field_id=\u00bbName\u00bb field_title=\u00bbNombre\u00bb _builder_version=\u00bb4.20.0&#8243; width=\u00bb50%\u00bb global_colors_info=\u00bb{}\u00bb button_text_size__hover_enabled=\u00bboff\u00bb button_one_text_size__hover_enabled=\u00bboff\u00bb button_two_text_size__hover_enabled=\u00bboff\u00bb button_text_color__hover_enabled=\u00bboff\u00bb button_one_text_color__hover_enabled=\u00bboff\u00bb button_two_text_color__hover_enabled=\u00bboff\u00bb button_border_width__hover_enabled=\u00bboff\u00bb button_one_border_width__hover_enabled=\u00bboff\u00bb button_two_border_width__hover_enabled=\u00bboff\u00bb button_border_color__hover_enabled=\u00bboff\u00bb button_one_border_color__hover_enabled=\u00bboff\u00bb button_two_border_color__hover_enabled=\u00bboff\u00bb button_border_radius__hover_enabled=\u00bboff\u00bb button_one_border_radius__hover_enabled=\u00bboff\u00bb button_two_border_radius__hover_enabled=\u00bboff\u00bb button_letter_spacing__hover_enabled=\u00bboff\u00bb button_one_letter_spacing__hover_enabled=\u00bboff\u00bb button_two_letter_spacing__hover_enabled=\u00bboff\u00bb button_bg_color__hover_enabled=\u00bboff\u00bb button_one_bg_color__hover_enabled=\u00bboff\u00bb button_two_bg_color__hover_enabled=\u00bboff\u00bb][\/et_pb_contact_field][et_pb_contact_field field_id=\u00bbPhone\u00bb field_title=\u00bbTel\u00e9fono\u00bb _builder_version=\u00bb4.20.0&#8243; _module_preset=\u00bbdefault\u00bb width=\u00bb50%\u00bb global_colors_info=\u00bb{}\u00bb][\/et_pb_contact_field][et_pb_contact_field field_id=\u00bbEmail\u00bb field_title=\u00bbCorreo electr\u00f3nico\u00bb field_type=\u00bbemail\u00bb _builder_version=\u00bb4.20.0&#8243; global_colors_info=\u00bb{}\u00bb button_text_size__hover_enabled=\u00bboff\u00bb button_one_text_size__hover_enabled=\u00bboff\u00bb button_two_text_size__hover_enabled=\u00bboff\u00bb button_text_color__hover_enabled=\u00bboff\u00bb button_one_text_color__hover_enabled=\u00bboff\u00bb button_two_text_color__hover_enabled=\u00bboff\u00bb button_border_width__hover_enabled=\u00bboff\u00bb button_one_border_width__hover_enabled=\u00bboff\u00bb button_two_border_width__hover_enabled=\u00bboff\u00bb button_border_color__hover_enabled=\u00bboff\u00bb button_one_border_color__hover_enabled=\u00bboff\u00bb button_two_border_color__hover_enabled=\u00bboff\u00bb button_border_radius__hover_enabled=\u00bboff\u00bb button_one_border_radius__hover_enabled=\u00bboff\u00bb button_two_border_radius__hover_enabled=\u00bboff\u00bb button_letter_spacing__hover_enabled=\u00bboff\u00bb button_one_letter_spacing__hover_enabled=\u00bboff\u00bb button_two_letter_spacing__hover_enabled=\u00bboff\u00bb button_bg_color__hover_enabled=\u00bboff\u00bb button_one_bg_color__hover_enabled=\u00bboff\u00bb button_two_bg_color__hover_enabled=\u00bboff\u00bb][\/et_pb_contact_field][et_pb_contact_field field_id=\u00bbOption\u00bb field_title=\u00bbElige una opci\u00f3n\u00bb field_type=\u00bbselect\u00bb select_options=\u00bb%91{%22value%22:%22Quiero vender una vivienda%22,%22checked%22:0,%22dragID%22:-1},{%22value%22:%22Quiero vender un local%22,%22checked%22:0,%22dragID%22:0},{%22value%22:%22Quiero vender otro tipo de inmueble%22,%22checked%22:0,%22dragID%22:1},{%22value%22:%22Quiero alquilar una vivienda%22,%22checked%22:0,%22dragID%22:2},{%22value%22:%22Quiero alquilar un local%22,%22checked%22:0,%22dragID%22:3},{%22value%22:%22Quiero alquilar otro tipo de inmueble%22,%22checked%22:0,%22dragID%22:4},{%22value%22:%22Necesito hacer una reforma%22,%22checked%22:0,%22dragID%22:5},{%22value%22:%22Quiero invertir%22,%22checked%22:0,%22dragID%22:6},{%22value%22:%22Necesito servicios profesionales%22,%22checked%22:0,%22dragID%22:7}%93&#8243; _builder_version=\u00bb4.20.0&#8243; _module_preset=\u00bbdefault\u00bb width=\u00bb50%\u00bb global_colors_info=\u00bb{}\u00bb][\/et_pb_contact_field][et_pb_contact_field field_id=\u00bbMessage\u00bb field_title=\u00bbMensaje\u00bb field_type=\u00bbtext\u00bb fullwidth_field=\u00bbon\u00bb _builder_version=\u00bb4.16&#8243; global_colors_info=\u00bb{}\u00bb button_text_size__hover_enabled=\u00bboff\u00bb button_one_text_size__hover_enabled=\u00bboff\u00bb button_two_text_size__hover_enabled=\u00bboff\u00bb button_text_color__hover_enabled=\u00bboff\u00bb button_one_text_color__hover_enabled=\u00bboff\u00bb button_two_text_color__hover_enabled=\u00bboff\u00bb button_border_width__hover_enabled=\u00bboff\u00bb button_one_border_width__hover_enabled=\u00bboff\u00bb button_two_border_width__hover_enabled=\u00bboff\u00bb button_border_color__hover_enabled=\u00bboff\u00bb button_one_border_color__hover_enabled=\u00bboff\u00bb button_two_border_color__hover_enabled=\u00bboff\u00bb button_border_radius__hover_enabled=\u00bboff\u00bb button_one_border_radius__hover_enabled=\u00bboff\u00bb button_two_border_radius__hover_enabled=\u00bboff\u00bb button_letter_spacing__hover_enabled=\u00bboff\u00bb button_one_letter_spacing__hover_enabled=\u00bboff\u00bb button_two_letter_spacing__hover_enabled=\u00bboff\u00bb button_bg_color__hover_enabled=\u00bboff\u00bb button_one_bg_color__hover_enabled=\u00bboff\u00bb button_two_bg_color__hover_enabled=\u00bboff\u00bb][\/et_pb_contact_field][et_pb_contact_field field_id=\u00bbLOPD\u00bb field_title=\u00bbPol\u00edtica de privacidad\u00bb field_type=\u00bbcheckbox\u00bb checkbox_options=\u00bb%91{%22value%22:%22Acepto que Ideaware Real Estate use los datos facilitados para darme los servicios e informaci\u00f3n que precise. Ver pol\u00edtica de datos.%22,%22checked%22:0,%22dragID%22:-1}%93&#8243; fullwidth_field=\u00bbon\u00bb _builder_version=\u00bb4.20.0&#8243; _module_preset=\u00bbdefault\u00bb form_field_text_color=\u00bb#FFFFFF\u00bb text_orientation=\u00bbjustified\u00bb global_colors_info=\u00bb{}\u00bb][\/et_pb_contact_field][\/et_pb_contact_form][\/et_pb_column][\/et_pb_row][\/et_pb_section]<\/p>\n","protected":false},"excerpt":{"rendered":"<p>Compre con Ideaware Real Estate en las mejores condiciones Le ayudamos a conseguir la propiedad de sus sue\u00f1os, siempre al mejor precio En Ideaware Real Estate le buscamos las mejores propiedades del mercado al mejor precio, le ayudamos a buscar el inmueble de sus sue\u00f1os y sino lo encontramos lo creamos para usted con nuestro [&hellip;]<\/p>\n","protected":false},"author":1,"featured_media":0,"parent":0,"menu_order":0,"comment_status":"closed","ping_status":"closed","template":"","meta":{"_et_pb_use_builder":"on","_et_pb_old_content":"","_et_gb_content_width":"","_joinchat":[],"footnotes":""},"class_list":["post-528","page","type-page","status-publish","hentry"],"_links":{"self":[{"href":"https:\/\/ideaware.es\/realestate\/wp-json\/wp\/v2\/pages\/528","targetHints":{"allow":["GET"]}}],"collection":[{"href":"https:\/\/ideaware.es\/realestate\/wp-json\/wp\/v2\/pages"}],"about":[{"href":"https:\/\/ideaware.es\/realestate\/wp-json\/wp\/v2\/types\/page"}],"author":[{"embeddable":true,"href":"https:\/\/ideaware.es\/realestate\/wp-json\/wp\/v2\/users\/1"}],"replies":[{"embeddable":true,"href":"https:\/\/ideaware.es\/realestate\/wp-json\/wp\/v2\/comments?post=528"}],"version-history":[{"count":5,"href":"https:\/\/ideaware.es\/realestate\/wp-json\/wp\/v2\/pages\/528\/revisions"}],"predecessor-version":[{"id":548,"href":"https:\/\/ideaware.es\/realestate\/wp-json\/wp\/v2\/pages\/528\/revisions\/548"}],"wp:attachment":[{"href":"https:\/\/ideaware.es\/realestate\/wp-json\/wp\/v2\/media?parent=528"}],"curies":[{"name":"wp","href":"https:\/\/api.w.org\/{rel}","templated":true}]}}